{"id":385,"date":"2025-08-30T13:02:43","date_gmt":"2025-08-30T13:02:43","guid":{"rendered":"https:\/\/www.feststalden.dk\/?page_id=385"},"modified":"2026-01-04T12:51:32","modified_gmt":"2026-01-04T12:51:32","slug":"priser-2","status":"publish","type":"page","link":"https:\/\/www.feststalden.dk\/index.php\/priser-2\/","title":{"rendered":"PRISER"},"content":{"rendered":"\n<p>Pris for leje af Feststalden:<strong> Fredag til s\u00f8ndag = 11.500 kr<\/strong> (inkl. obligatorisk reng\u00f8ring)<\/p>\n\n\n\n<p class=\"has-medium-font-size\"><strong>Tilk\u00f8bs muligheder:<\/strong><\/p>\n\n\n\n<figure class=\"wp-block-table\"><table class=\"has-fixed-layout\"><tbody><tr><td> Messinglysestager (ca 20 stk)<\/td><td>50 kr<\/td><\/tr><tr><td> Vaser<\/td><td>50 kr<\/td><\/tr><tr><td> S\u00f8mblok (u. s\u00f8m, m. hammer)<\/td><td>100 kr<\/td><\/tr><tr><td> Papirdug og servietter<\/td><td>Efter aftale<\/td><\/tr><tr><td> Ekstra dag (torsdag eller mandag)<\/td><td>750 kr<\/td><\/tr><tr><td> Fest &amp; Forsvind<\/td><td>3500 kr<\/td><\/tr><tr><td> Opd\u00e6kning u. pynt<br> (Vi stiller op, samt d\u00e6kker op efter aftale,<br> og I dekorerer selv salen. Ekskl. dug,<br> servietter mm.)<\/td><td>1200 kr+ 12 kr pr pers<\/td><\/tr><tr><td> Opd\u00e6kning m. pynt<br> (Vi g\u00f8r alt klar efter aftale, I skal bare dukke<br> op. Mad mm. st\u00e5r I selv for. Ekskl. dug og<br> servietter)<\/td><td>2500 kr+ 25 kr pr pers<\/td><\/tr><\/tbody><\/table><\/figure>\n\n\n\n<p><strong>\u00c6resporte<\/strong>: Flere modeller haves &#8211; kontakt for mere info og priser.<\/p>\n\n\n\n<p><\/p>\n\n\n\n<p><\/p>\n","protected":false},"excerpt":{"rendered":"<p>Pris for leje af Feststalden: Fredag til s\u00f8ndag = 11.500 kr (inkl. obligatorisk reng\u00f8ring) Tilk\u00f8bs muligheder: Messinglysestager (ca 20 stk) 50 kr Vaser 50 kr S\u00f8mblok (u. s\u00f8m, m. hammer) 100 kr Papirdug og servietter Efter aftale Ekstra dag (torsdag eller mandag) 750 kr Fest &amp; Forsvind 3500 kr Opd\u00e6kning u. pynt (Vi stiller op, &hellip; <\/p>\n<p class=\"link-more\"><a href=\"https:\/\/www.feststalden.dk\/index.php\/priser-2\/\" class=\"more-link\">L\u00e6s videre<span class=\"screen-reader-text\"> &#8220;PRISER&#8221;<\/span><\/a><\/p>\n","protected":false},"author":1,"featured_media":0,"parent":0,"menu_order":0,"comment_status":"closed","ping_status":"closed","template":"","meta":{"footnotes":""},"class_list":["post-385","page","type-page","status-publish","hentry"],"_links":{"self":[{"href":"https:\/\/www.feststalden.dk\/index.php\/wp-json\/wp\/v2\/pages\/385","targetHints":{"allow":["GET"]}}],"collection":[{"href":"https:\/\/www.feststalden.dk\/index.php\/wp-json\/wp\/v2\/pages"}],"about":[{"href":"https:\/\/www.feststalden.dk\/index.php\/wp-json\/wp\/v2\/types\/page"}],"author":[{"embeddable":true,"href":"https:\/\/www.feststalden.dk\/index.php\/wp-json\/wp\/v2\/users\/1"}],"replies":[{"embeddable":true,"href":"https:\/\/www.feststalden.dk\/index.php\/wp-json\/wp\/v2\/comments?post=385"}],"version-history":[{"count":11,"href":"https:\/\/www.feststalden.dk\/index.php\/wp-json\/wp\/v2\/pages\/385\/revisions"}],"predecessor-version":[{"id":413,"href":"https:\/\/www.feststalden.dk\/index.php\/wp-json\/wp\/v2\/pages\/385\/revisions\/413"}],"wp:attachment":[{"href":"https:\/\/www.feststalden.dk\/index.php\/wp-json\/wp\/v2\/media?parent=385"}],"curies":[{"name":"wp","href":"https:\/\/api.w.org\/{rel}","templated":true}]}}