{"id":16,"date":"2024-05-02T10:09:33","date_gmt":"2024-05-02T10:09:33","guid":{"rendered":"https:\/\/www.feststalden.dk\/?page_id=16"},"modified":"2025-08-30T13:42:31","modified_gmt":"2025-08-30T13:42:31","slug":"priser","status":"publish","type":"page","link":"https:\/\/www.feststalden.dk\/index.php\/priser\/","title":{"rendered":"OM OS &#8211; FESTSTALDEN"},"content":{"rendered":"<div class=\"wp-block-image\">\n<figure class=\"alignright size-large is-resized\"><img loading=\"lazy\" decoding=\"async\" width=\"1024\" height=\"683\" src=\"https:\/\/www.feststalden.dk\/wp-content\/uploads\/2024\/05\/untitled-454-of-764-1024x683.jpg\" alt=\"\" class=\"wp-image-73\" style=\"width:350px;height:auto\" srcset=\"https:\/\/www.feststalden.dk\/wp-content\/uploads\/2024\/05\/untitled-454-of-764-1024x683.jpg 1024w, https:\/\/www.feststalden.dk\/wp-content\/uploads\/2024\/05\/untitled-454-of-764-300x200.jpg 300w, https:\/\/www.feststalden.dk\/wp-content\/uploads\/2024\/05\/untitled-454-of-764-768x512.jpg 768w, https:\/\/www.feststalden.dk\/wp-content\/uploads\/2024\/05\/untitled-454-of-764-1536x1024.jpg 1536w, https:\/\/www.feststalden.dk\/wp-content\/uploads\/2024\/05\/untitled-454-of-764-2048x1365.jpg 2048w\" sizes=\"auto, (max-width: 767px) 89vw, (max-width: 1000px) 54vw, (max-width: 1071px) 543px, 580px\" \/><\/figure>\n<\/div>\n\n\n<p style=\"font-size:17px\">I FestStalden er der plads til&nbsp;<strong>149 siddende g\u00e6ster<\/strong>.&nbsp;<\/p>\n\n\n\n<p style=\"font-size:17px\">Der er 4 toiletter, samt et bad og et nyt anretterk\u00f8kken.<\/p>\n\n\n\n<p style=\"font-size:17px\">Derudover er er god plads til&nbsp;<strong>dansegulv<\/strong>, bordtennis el. andet bagerst i lokalet. <br>Vi anbefaler dog max. 110 g\u00e6ster, hvis der skal v\u00e6re plads til dette.<\/p>\n\n\n\n<p style=\"font-size:17px\"><\/p>\n\n\n\n<p style=\"font-size:17px\">FestStalden er et oplagt sted at holde\u00a0<strong>bryllup<\/strong>,\u00a0<strong>konfirmation\u00a0<\/strong>og\u00a0<strong>f\u00f8dselsdage<\/strong>. <\/p>\n\n\n\n<p style=\"font-size:17px\">I har frie t\u00f8jler til at indrette rummet som det passer jer.<\/p>\n\n\n\n<p style=\"font-size:17px\">Ligeledes er der ogs\u00e5 mulighed for at opstille campingvogn\/telt for overnatning<\/p>\n\n\n\n<p style=\"font-size:17px\"><\/p>\n\n\n\n<p style=\"font-size:17px\">Mangler I noget til jeres fest er vi klar til at finde en l\u00f8sning!<\/p>\n\n\n\n<p>Priser findes <a href=\"https:\/\/www.feststalden.dk\/?page_id=385\" data-type=\"page\" data-id=\"385\">her&#8230;<\/a><\/p>\n","protected":false},"excerpt":{"rendered":"<p>I FestStalden er der plads til&nbsp;149 siddende g\u00e6ster.&nbsp; Der er 4 toiletter, samt et bad og et nyt anretterk\u00f8kken. Derudover er er god plads til&nbsp;dansegulv, bordtennis el. andet bagerst i lokalet. Vi anbefaler dog max. 110 g\u00e6ster, hvis der skal v\u00e6re plads til dette. FestStalden er et oplagt sted at holde\u00a0bryllup,\u00a0konfirmation\u00a0og\u00a0f\u00f8dselsdage. I har frie t\u00f8jler &hellip; <\/p>\n<p class=\"link-more\"><a href=\"https:\/\/www.feststalden.dk\/index.php\/priser\/\" class=\"more-link\">L\u00e6s videre<span class=\"screen-reader-text\"> &#8220;OM OS &#8211; FESTSTALDEN&#8221;<\/span><\/a><\/p>\n","protected":false},"author":1,"featured_media":75,"parent":0,"menu_order":0,"comment_status":"closed","ping_status":"closed","template":"","meta":{"footnotes":""},"class_list":["post-16","page","type-page","status-publish","has-post-thumbnail","hentry"],"_links":{"self":[{"href":"https:\/\/www.feststalden.dk\/index.php\/wp-json\/wp\/v2\/pages\/16","targetHints":{"allow":["GET"]}}],"collection":[{"href":"https:\/\/www.feststalden.dk\/index.php\/wp-json\/wp\/v2\/pages"}],"about":[{"href":"https:\/\/www.feststalden.dk\/index.php\/wp-json\/wp\/v2\/types\/page"}],"author":[{"embeddable":true,"href":"https:\/\/www.feststalden.dk\/index.php\/wp-json\/wp\/v2\/users\/1"}],"replies":[{"embeddable":true,"href":"https:\/\/www.feststalden.dk\/index.php\/wp-json\/wp\/v2\/comments?post=16"}],"version-history":[{"count":36,"href":"https:\/\/www.feststalden.dk\/index.php\/wp-json\/wp\/v2\/pages\/16\/revisions"}],"predecessor-version":[{"id":397,"href":"https:\/\/www.feststalden.dk\/index.php\/wp-json\/wp\/v2\/pages\/16\/revisions\/397"}],"wp:featuredmedia":[{"embeddable":true,"href":"https:\/\/www.feststalden.dk\/index.php\/wp-json\/wp\/v2\/media\/75"}],"wp:attachment":[{"href":"https:\/\/www.feststalden.dk\/index.php\/wp-json\/wp\/v2\/media?parent=16"}],"curies":[{"name":"wp","href":"https:\/\/api.w.org\/{rel}","templated":true}]}}